{"id":89,"date":"2024-06-02T09:22:55","date_gmt":"2024-06-02T09:22:55","guid":{"rendered":"https:\/\/bogrudeliksulama.org.tr\/?page_id=89"},"modified":"2024-06-02T14:41:52","modified_gmt":"2024-06-02T14:41:52","slug":"kurulus","status":"publish","type":"page","link":"https:\/\/bogrudeliksulama.org.tr\/index.php\/kurulus\/","title":{"rendered":"KURULU\u015e"},"content":{"rendered":"\n<p class=\"has-text-align-center has-cyan-bluish-gray-background-color has-background has-medium-font-size\"><strong>Kooperatifimiz 1986 y\u0131l\u0131nda H\u00fcseyin D\u00fcndar Ba\u015fkanl\u0131\u011f\u0131nda kuruldu<\/strong><\/p>\n\n\n\n<p class=\"has-text-align-center has-text-color has-link-color has-large-font-size wp-elements-3f450daf0f28747c6c439785a8606059\" style=\"color:#8e3a3a\">Kurucu \u00dcyeler:<\/p>\n\n\n\n<p class=\"has-text-align-center has-medium-font-size\">           <strong>    1-H\u00fcseyin D\u00fcndar 2-Ahmet Sait K\u0131l\u0131n\u00e7 3-Abdul Kadir \u00d6zbek 4-Hanefi Dorgay<\/strong><\/p>\n\n\n\n<p class=\"has-text-align-center has-medium-font-size\"><strong>5-Recep Nuri Oral 6-Yakup Yolay 7-Muttalip Ya\u015f\u0131n 8-Cahit Y\u0131lmaz<\/strong><\/p>\n\n\n\n<p class=\"has-text-align-center has-medium-font-size\"><strong>9-Re\u015fat \u00c7etin 10-Nail Temel 11-Faz\u0131l Kaplan 12-Abidin G\u00fcner<\/strong><\/p>\n\n\n\n<p class=\"has-text-align-center has-medium-font-size\">1<strong>3-Ertu\u011frul Y\u0131ld\u0131r\u0131m 14-Nafiz Tarhan 15-Mavl\u00fct Yavuz<\/strong><\/p>\n\n\n\n<p class=\"has-text-align-center has-white-color has-text-color has-background has-link-color wp-elements-79d5c15b7d3e47574db8b7834b17ea49\" style=\"background:linear-gradient(135deg,rgb(6,147,227) 0%,rgb(88,108,115) 24%,rgb(155,81,224) 100%)\"><strong>Kooperatifimizin kurulu\u015funda \u00f6nc\u00fcl\u00fck eden H\u00fcseyin D\u00fcndar&#8217;\u0131 rahmet ve minnetle an\u0131yoruz<\/strong><\/p>\n\n\n\n<p><\/p>\n\n\n\n<p><\/p>\n\n\n\n<p><\/p>\n\n\n\n<p><\/p>\n\n\n\n<p><\/p>\n\n\n\n<p><\/p>\n\n\n\n<p><\/p>\n","protected":false},"excerpt":{"rendered":"<p>Kooperatifimiz 1986 y\u0131l\u0131nda H\u00fcseyin D\u00fcndar Ba\u015fkanl\u0131\u011f\u0131nda kuruldu Kurucu \u00dcyeler: 1-H\u00fcseyin D\u00fcndar 2-Ahmet Sait K\u0131l\u0131n\u00e7 3-Abdul Kadir \u00d6zbek 4-Hanefi Dorgay 5-Recep Nuri Oral 6-Yakup Yolay 7-Muttalip Ya\u015f\u0131n 8-Cahit Y\u0131lmaz 9-Re\u015fat \u00c7etin 10-Nail Temel 11-Faz\u0131l Kaplan 12-Abidin G\u00fcner 13-Ertu\u011frul Y\u0131ld\u0131r\u0131m 14-Nafiz Tarhan 15-Mavl\u00fct Yavuz Kooperatifimizin kurulu\u015funda \u00f6nc\u00fcl\u00fck eden H\u00fcseyin D\u00fcndar&#8217;\u0131 rahmet ve minnetle an\u0131yoruz<\/p>\n","protected":false},"author":1,"featured_media":0,"parent":0,"menu_order":0,"comment_status":"closed","ping_status":"closed","template":"","meta":{"saved_in_kubio":false,"footnotes":""},"class_list":["post-89","page","type-page","status-publish","hentry"],"kubio_ai_page_context":{"short_desc":"","purpose":"general"},"_links":{"self":[{"href":"https:\/\/bogrudeliksulama.org.tr\/index.php\/wp-json\/wp\/v2\/pages\/89","targetHints":{"allow":["GET"]}}],"collection":[{"href":"https:\/\/bogrudeliksulama.org.tr\/index.php\/wp-json\/wp\/v2\/pages"}],"about":[{"href":"https:\/\/bogrudeliksulama.org.tr\/index.php\/wp-json\/wp\/v2\/types\/page"}],"author":[{"embeddable":true,"href":"https:\/\/bogrudeliksulama.org.tr\/index.php\/wp-json\/wp\/v2\/users\/1"}],"replies":[{"embeddable":true,"href":"https:\/\/bogrudeliksulama.org.tr\/index.php\/wp-json\/wp\/v2\/comments?post=89"}],"version-history":[{"count":7,"href":"https:\/\/bogrudeliksulama.org.tr\/index.php\/wp-json\/wp\/v2\/pages\/89\/revisions"}],"predecessor-version":[{"id":111,"href":"https:\/\/bogrudeliksulama.org.tr\/index.php\/wp-json\/wp\/v2\/pages\/89\/revisions\/111"}],"wp:attachment":[{"href":"https:\/\/bogrudeliksulama.org.tr\/index.php\/wp-json\/wp\/v2\/media?parent=89"}],"curies":[{"name":"wp","href":"https:\/\/api.w.org\/{rel}","templated":true}]}}