{"id":83,"date":"2024-05-31T12:22:19","date_gmt":"2024-05-31T12:22:19","guid":{"rendered":"https:\/\/bogrudeliksulama.org.tr\/?page_id=83"},"modified":"2024-06-26T12:53:03","modified_gmt":"2024-06-26T12:53:03","slug":"yonetim-kurulu","status":"publish","type":"page","link":"https:\/\/bogrudeliksulama.org.tr\/index.php\/yonetim-kurulu\/","title":{"rendered":"Y\u00d6NET\u0130M KURULU"},"content":{"rendered":"\n<p class=\"has-medium-font-size\"><strong>BA\u015eKAN : Mehmet \u0130brahim D\u00dcNDAR<\/strong><\/p>\n\n\n\n<p class=\"has-medium-font-size\"><strong>BA\u015eKAN YARDIMCISI : Saim ER<\/strong><\/p>\n\n\n\n<p class=\"has-medium-font-size\"><strong>MUHAS\u0130P \u00dcYE : Yavuz \u00d6ZO\u011eLU<\/strong><\/p>\n","protected":false},"excerpt":{"rendered":"<p>BA\u015eKAN : Mehmet \u0130brahim D\u00dcNDAR BA\u015eKAN YARDIMCISI : Saim ER MUHAS\u0130P \u00dcYE : Yavuz \u00d6ZO\u011eLU<\/p>\n","protected":false},"author":1,"featured_media":0,"parent":0,"menu_order":0,"comment_status":"closed","ping_status":"closed","template":"","meta":{"saved_in_kubio":true,"footnotes":""},"class_list":["post-83","page","type-page","status-publish","hentry"],"kubio_ai_page_context":{"short_desc":"","purpose":"general"},"_links":{"self":[{"href":"https:\/\/bogrudeliksulama.org.tr\/index.php\/wp-json\/wp\/v2\/pages\/83","targetHints":{"allow":["GET"]}}],"collection":[{"href":"https:\/\/bogrudeliksulama.org.tr\/index.php\/wp-json\/wp\/v2\/pages"}],"about":[{"href":"https:\/\/bogrudeliksulama.org.tr\/index.php\/wp-json\/wp\/v2\/types\/page"}],"author":[{"embeddable":true,"href":"https:\/\/bogrudeliksulama.org.tr\/index.php\/wp-json\/wp\/v2\/users\/1"}],"replies":[{"embeddable":true,"href":"https:\/\/bogrudeliksulama.org.tr\/index.php\/wp-json\/wp\/v2\/comments?post=83"}],"version-history":[{"count":5,"href":"https:\/\/bogrudeliksulama.org.tr\/index.php\/wp-json\/wp\/v2\/pages\/83\/revisions"}],"predecessor-version":[{"id":228,"href":"https:\/\/bogrudeliksulama.org.tr\/index.php\/wp-json\/wp\/v2\/pages\/83\/revisions\/228"}],"wp:attachment":[{"href":"https:\/\/bogrudeliksulama.org.tr\/index.php\/wp-json\/wp\/v2\/media?parent=83"}],"curies":[{"name":"wp","href":"https:\/\/api.w.org\/{rel}","templated":true}]}}