{"id":35,"date":"2024-04-20T10:00:25","date_gmt":"2024-04-20T10:00:25","guid":{"rendered":"https:\/\/bogrudeliksulama.org.tr\/index.php\/front_page\/"},"modified":"2024-05-31T12:28:45","modified_gmt":"2024-05-31T12:28:45","slug":"front_page","status":"publish","type":"page","link":"https:\/\/bogrudeliksulama.org.tr\/","title":{"rendered":"C\u0130HANBEYL\u0130 \u0130L\u00c7ES\u0130N\u0130N TEK SULAMA KOOPERAT\u0130F\u0130"},"content":{"rendered":"","protected":false},"excerpt":{"rendered":"","protected":false},"author":1,"featured_media":0,"parent":0,"menu_order":0,"comment_status":"closed","ping_status":"closed","template":"","meta":{"saved_in_kubio":false,"footnotes":""},"class_list":["post-35","page","type-page","status-publish","hentry"],"kubio_ai_page_context":{"short_desc":"","purpose":"general"},"_links":{"self":[{"href":"https:\/\/bogrudeliksulama.org.tr\/index.php\/wp-json\/wp\/v2\/pages\/35","targetHints":{"allow":["GET"]}}],"collection":[{"href":"https:\/\/bogrudeliksulama.org.tr\/index.php\/wp-json\/wp\/v2\/pages"}],"about":[{"href":"https:\/\/bogrudeliksulama.org.tr\/index.php\/wp-json\/wp\/v2\/types\/page"}],"author":[{"embeddable":true,"href":"https:\/\/bogrudeliksulama.org.tr\/index.php\/wp-json\/wp\/v2\/users\/1"}],"replies":[{"embeddable":true,"href":"https:\/\/bogrudeliksulama.org.tr\/index.php\/wp-json\/wp\/v2\/comments?post=35"}],"version-history":[{"count":2,"href":"https:\/\/bogrudeliksulama.org.tr\/index.php\/wp-json\/wp\/v2\/pages\/35\/revisions"}],"predecessor-version":[{"id":85,"href":"https:\/\/bogrudeliksulama.org.tr\/index.php\/wp-json\/wp\/v2\/pages\/35\/revisions\/85"}],"wp:attachment":[{"href":"https:\/\/bogrudeliksulama.org.tr\/index.php\/wp-json\/wp\/v2\/media?parent=35"}],"curies":[{"name":"wp","href":"https:\/\/api.w.org\/{rel}","templated":true}]}}